{"id":6,"date":"2015-08-15T10:24:18","date_gmt":"2015-08-15T10:24:18","guid":{"rendered":"http:\/\/tanzstudio-timetomove.de\/?page_id=6"},"modified":"2025-01-07T12:20:52","modified_gmt":"2025-01-07T12:20:52","slug":"ueber-uns","status":"publish","type":"page","link":"https:\/\/tanzstudio-timetomove.de\/","title":{"rendered":"Home"},"content":{"rendered":"<h3 style=\"text-align: center;\">Hallo und herzlich Willkommen im<\/h3>\n<p><a href=\"http:\/\/tanzstudio-timetomove.de\/wp-content\/uploads\/2015\/08\/Gesch\u00e4ftslogo-T1.png\"><img loading=\"lazy\" decoding=\"async\" class=\" wp-image-8 aligncenter\" src=\"http:\/\/tanzstudio-timetomove.de\/wp-content\/uploads\/2015\/08\/Gesch\u00e4ftslogo-T1-300x37.png\" alt=\"TimeToMove Logo\" width=\"397\" height=\"49\" srcset=\"https:\/\/tanzstudio-timetomove.de\/wp-content\/uploads\/2015\/08\/Gesch\u00e4ftslogo-T1-300x37.png 300w, https:\/\/tanzstudio-timetomove.de\/wp-content\/uploads\/2015\/08\/Gesch\u00e4ftslogo-T1-1024x127.png 1024w\" sizes=\"(max-width: 397px) 100vw, 397px\" \/><\/a><\/p>\n<h6 style=\"text-align: center;\">ACHTUNG:<\/h6>\n<h6 style=\"text-align: center;\">Das Tanzstudio Time To Move wird zum 31.12.2024 aufgrund von pers\u00f6nlichen Ver\u00e4nderungen geschlossen.<\/h6>\n<h6 style=\"text-align: center;\">Wir bedanken uns bei allen Mitgliedern, Gesch\u00e4ftspartnern und Familien f\u00fcr Euer Vertrauen, Eure Unterst\u00fctzung und die sch\u00f6ne gemeinsame Zeit!\u00a0<\/h6>\n<p style=\"text-align: center;\">Wer gerne in Klein R\u00f6nnau weitertanzen m\u00f6chte, kann sich gerne an das Tanzstudio Ring wenden.<\/p>\n<p style=\"text-align: center;\">Dort werden einige bekannte Gesichter vom Tanzstudio Time To Move zu sehen sein.\u00a0<\/p>\n<h6 style=\"text-align: center;\"><a href=\"http:\/\/tanzstudio-timetomove.de\/wp-content\/uploads\/2021\/04\/story_1619163478029.jpg\"><img loading=\"lazy\" decoding=\"async\" class=\"aligncenter  wp-image-1449\" src=\"http:\/\/tanzstudio-timetomove.de\/wp-content\/uploads\/2021\/04\/story_1619163478029-819x1024.jpg\" alt=\"\" width=\"215\" height=\"268\" srcset=\"https:\/\/tanzstudio-timetomove.de\/wp-content\/uploads\/2021\/04\/story_1619163478029-819x1024.jpg 819w, https:\/\/tanzstudio-timetomove.de\/wp-content\/uploads\/2021\/04\/story_1619163478029-240x300.jpg 240w, https:\/\/tanzstudio-timetomove.de\/wp-content\/uploads\/2021\/04\/story_1619163478029-768x960.jpg 768w, https:\/\/tanzstudio-timetomove.de\/wp-content\/uploads\/2021\/04\/story_1619163478029-1229x1536.jpg 1229w, https:\/\/tanzstudio-timetomove.de\/wp-content\/uploads\/2021\/04\/story_1619163478029-830x1037.jpg 830w, https:\/\/tanzstudio-timetomove.de\/wp-content\/uploads\/2021\/04\/story_1619163478029-230x287.jpg 230w, https:\/\/tanzstudio-timetomove.de\/wp-content\/uploads\/2021\/04\/story_1619163478029-350x437.jpg 350w, https:\/\/tanzstudio-timetomove.de\/wp-content\/uploads\/2021\/04\/story_1619163478029-480x600.jpg 480w, https:\/\/tanzstudio-timetomove.de\/wp-content\/uploads\/2021\/04\/story_1619163478029.jpg 1242w\" sizes=\"(max-width: 215px) 100vw, 215px\" \/><\/a><\/h6>\n\n\n<div class=\"wp-block-file\"><a href=\"https:\/\/tanzstudio-timetomove.de\/wp-content\/uploads\/2023\/07\/story_1687799994162-576x1024.jpg\" class=\"wp-block-file__button wp-element-button\" download>Herunterladen<\/a><\/div>\n","protected":false},"excerpt":{"rendered":"<p>Hallo und herzlich Willkommen im ACHTUNG: Das Tanzstudio Time To Move wird zum 31.12.2024 aufgrund von pers\u00f6nlichen Ver\u00e4nderungen geschlossen. Wir bedanken uns [&hellip;]<\/p>\n","protected":false},"author":1,"featured_media":0,"parent":0,"menu_order":0,"comment_status":"closed","ping_status":"closed","template":"","meta":{"footnotes":""},"class_list":["post-6","page","type-page","status-publish","hentry"],"_links":{"self":[{"href":"https:\/\/tanzstudio-timetomove.de\/index.php?rest_route=\/wp\/v2\/pages\/6"}],"collection":[{"href":"https:\/\/tanzstudio-timetomove.de\/index.php?rest_route=\/wp\/v2\/pages"}],"about":[{"href":"https:\/\/tanzstudio-timetomove.de\/index.php?rest_route=\/wp\/v2\/types\/page"}],"author":[{"embeddable":true,"href":"https:\/\/tanzstudio-timetomove.de\/index.php?rest_route=\/wp\/v2\/users\/1"}],"replies":[{"embeddable":true,"href":"https:\/\/tanzstudio-timetomove.de\/index.php?rest_route=%2Fwp%2Fv2%2Fcomments&post=6"}],"version-history":[{"count":243,"href":"https:\/\/tanzstudio-timetomove.de\/index.php?rest_route=\/wp\/v2\/pages\/6\/revisions"}],"predecessor-version":[{"id":1703,"href":"https:\/\/tanzstudio-timetomove.de\/index.php?rest_route=\/wp\/v2\/pages\/6\/revisions\/1703"}],"wp:attachment":[{"href":"https:\/\/tanzstudio-timetomove.de\/index.php?rest_route=%2Fwp%2Fv2%2Fmedia&parent=6"}],"curies":[{"name":"wp","href":"https:\/\/api.w.org\/{rel}","templated":true}]}}